{"id":33,"date":"2025-04-29T06:35:09","date_gmt":"2025-04-29T04:35:09","guid":{"rendered":"https:\/\/forcesstoiciennes.com\/?page_id=33"},"modified":"2026-02-08T10:37:19","modified_gmt":"2026-02-08T09:37:19","slug":"bienvenue-sur-forces-stoiciennes","status":"publish","type":"page","link":"https:\/\/forcesstoiciennes.com\/","title":{"rendered":""},"content":{"rendered":"\n<div style=\"height:33px\" aria-hidden=\"true\" class=\"wp-block-spacer\"><\/div>\n\n\n\n<p class=\"has-text-align-center wp-block-paragraph\" style=\"font-size:clamp(15.197px, 0.95rem + ((1vw - 3.2px) * 0.813), 23px);\">Bienvenue \u00e0 vous.<\/p>\n\n\n\n<p class=\"has-text-align-center wp-block-paragraph\" style=\"font-size:clamp(15.197px, 0.95rem + ((1vw - 3.2px) * 0.813), 23px);\">Ce site a vocation \u00e0 faire conna\u00eetre et approfondir les principes et<br>sentences des penseurs du sto\u00efcisme.<\/p>\n\n\n\n<p class=\"has-text-align-center wp-block-paragraph\" style=\"font-size:clamp(15.197px, 0.95rem + ((1vw - 3.2px) * 0.813), 23px);\"><strong> Objectif op\u00e9rationnel :<\/strong><br><strong>l&#8217;aguerrissement de votre caract\u00e8re.<\/strong><\/p>\n\n\n\n\n\n<p class=\"has-text-align-center wp-block-paragraph\"><\/p>\n\n\n\n<div style=\"height:27px\" aria-hidden=\"true\" class=\"wp-block-spacer\"><\/div>\n\n\n\n<figure class=\"wp-block-image alignwide size-full\"><img loading=\"lazy\" decoding=\"async\" width=\"2000\" height=\"1200\" src=\"https:\/\/forcesstoiciennes.com\/wp-content\/uploads\/2025\/04\/POSEIDON_03.jpg\" alt=\"\" class=\"wp-image-133\" srcset=\"https:\/\/forcesstoiciennes.com\/wp-content\/uploads\/2025\/04\/POSEIDON_03.jpg 2000w, https:\/\/forcesstoiciennes.com\/wp-content\/uploads\/2025\/04\/POSEIDON_03-300x180.jpg 300w, https:\/\/forcesstoiciennes.com\/wp-content\/uploads\/2025\/04\/POSEIDON_03-1024x614.jpg 1024w\" sizes=\"auto, (max-width: 2000px) 100vw, 2000px\" \/><\/figure>\n\n\n\n<div style=\"height:44px\" aria-hidden=\"true\" class=\"wp-block-spacer\"><\/div>\n\n\n\n<h2 class=\"wp-block-heading\" style=\"font-size:clamp(16.293px, 1.018rem + ((1vw - 3.2px) * 0.907), 25px);\">Sources universitaires et acad\u00e9miques<\/h2>\n\n\n\n<p class=\"wp-block-paragraph\">Chaque sentence, chaque citation qui vous sera propos\u00e9e ici sera sourc\u00e9e de mani\u00e8re \u00e0 ce que chacun puisse retrouver le texte et le contexte d&#8217;o\u00f9 est extraite la citation.<\/p>\n\n\n\n<p class=\"wp-block-paragraph\"><strong>Aucune IA n&#8217;est utilis\u00e9e<\/strong> pour la r\u00e9daction des articles ou la cr\u00e9ations des vid\u00e9os, chaque citation est pes\u00e9e, mesur\u00e9e et \u00e9prouv\u00e9e avant de vous la soumettre \u00e0 lecture.<\/p>\n\n\n\n<div style=\"height:42px\" aria-hidden=\"true\" class=\"wp-block-spacer\"><\/div>\n\n\n\n<figure class=\"wp-block-image alignwide size-full\"><img loading=\"lazy\" decoding=\"async\" width=\"2000\" height=\"1200\" src=\"https:\/\/forcesstoiciennes.com\/wp-content\/uploads\/2025\/04\/MER_VAGUES_03.jpg\" alt=\"\" class=\"wp-image-134\" srcset=\"https:\/\/forcesstoiciennes.com\/wp-content\/uploads\/2025\/04\/MER_VAGUES_03.jpg 2000w, https:\/\/forcesstoiciennes.com\/wp-content\/uploads\/2025\/04\/MER_VAGUES_03-300x180.jpg 300w, https:\/\/forcesstoiciennes.com\/wp-content\/uploads\/2025\/04\/MER_VAGUES_03-1024x614.jpg 1024w\" sizes=\"auto, (max-width: 2000px) 100vw, 2000px\" \/><\/figure>\n\n\n\n<div style=\"height:51px\" aria-hidden=\"true\" class=\"wp-block-spacer\"><\/div>\n\n\n\n<h2 class=\"wp-block-heading\" style=\"font-size:clamp(16.293px, 1.018rem + ((1vw - 3.2px) * 0.907), 25px);\">Une praxis : intelligence et m\u00e9thode<\/h2>\n\n\n\n<p class=\"wp-block-paragraph\">Le sto\u00efcisme est une philosophie en action. Les sentences propos\u00e9es ont pour but de vous initier \u00e0 la philosophie sto\u00efcienne.<\/p>\n\n\n\n<p class=\"wp-block-paragraph\">Nous avons \u00e0 c\u0153ur que, jours apr\u00e8s jours, heures par heures, vous les gardiez \u00e0 l&#8217;esprit et qu&#8217;elles vous aident \u00e0 renforcer votre principe directeur.<\/p>\n\n\n\n<p class=\"wp-block-paragraph\">Nous souhaitons que chacun avance (ou s&#8217;avance) en responsabilit\u00e9 vers sa propre sagesse, et, si le sto\u00efcisme vous y aura aid\u00e9, alors nous serons heureux d&#8217;avoir quelque peu \u00e9clair\u00e9 vos pas.<\/p>\n\n\n\n<div style=\"height:38px\" aria-hidden=\"true\" class=\"wp-block-spacer\"><\/div>\n\n\n\n<figure class=\"wp-block-image alignwide size-full\"><img loading=\"lazy\" decoding=\"async\" width=\"2000\" height=\"1200\" src=\"https:\/\/forcesstoiciennes.com\/wp-content\/uploads\/2025\/04\/PHARE_03.jpg\" alt=\"\" class=\"wp-image-131\" srcset=\"https:\/\/forcesstoiciennes.com\/wp-content\/uploads\/2025\/04\/PHARE_03.jpg 2000w, https:\/\/forcesstoiciennes.com\/wp-content\/uploads\/2025\/04\/PHARE_03-300x180.jpg 300w, https:\/\/forcesstoiciennes.com\/wp-content\/uploads\/2025\/04\/PHARE_03-1024x614.jpg 1024w\" sizes=\"auto, (max-width: 2000px) 100vw, 2000px\" \/><\/figure>\n\n\n\n<div style=\"height:49px\" aria-hidden=\"true\" class=\"wp-block-spacer\"><\/div>\n\n\n\n<h2 class=\"wp-block-heading\" style=\"font-size:clamp(16.293px, 1.018rem + ((1vw - 3.2px) * 0.907), 25px);\">Vigilance, int\u00e9grit\u00e9 et exemplarit\u00e9.<\/h2>\n\n\n\n<p class=\"wp-block-paragraph\">Inspirons-nous des sentences des penseurs sto\u00efciens pour structurer nos propres <strong>forces morales : courage, temp\u00e9rance, justice<\/strong>, autant de th\u00e8mes \u00e0 \u00e9tudier ensemble au gr\u00e9 des articles que nous vous proposerons \u00e0 lecture.<\/p>\n\n\n\n<div style=\"height:46px\" aria-hidden=\"true\" class=\"wp-block-spacer\"><\/div>\n\n\n\n<h2 class=\"wp-block-heading\" style=\"font-size:clamp(16.293px, 1.018rem + ((1vw - 3.2px) * 0.907), 25px);\">Entre obligation de r\u00e9sultats, et obligation de moyens, nous ne n\u00e9gocions pas.<\/h2>\n\n\n\n<p class=\"wp-block-paragraph\">Trouver, ou retrouver, notre juste place : le chemin est long, parfois tr\u00e8s p\u00e9nible, aust\u00e8re, mais les joies promises seront \u00e0 la hauteur de l&#8217;intensit\u00e9 de votre engagement dans le cheminement philosophique que nous vous proposons.<\/p>\n\n\n\n<p class=\"wp-block-paragraph\">Rappelons-nous les mots de S\u00e9n\u00e8que : <strong>&#8220;La joie est chose s\u00e9rieuse&#8221;<\/strong>.<\/p>\n\n\n\n<div style=\"height:43px\" aria-hidden=\"true\" class=\"wp-block-spacer\"><\/div>\n\n\n\n<figure class=\"wp-block-image alignwide size-full\"><img loading=\"lazy\" decoding=\"async\" width=\"2000\" height=\"1200\" src=\"https:\/\/forcesstoiciennes.com\/wp-content\/uploads\/2025\/04\/SEALS_CHECK_05.jpg\" alt=\"\" class=\"wp-image-129\" srcset=\"https:\/\/forcesstoiciennes.com\/wp-content\/uploads\/2025\/04\/SEALS_CHECK_05.jpg 2000w, https:\/\/forcesstoiciennes.com\/wp-content\/uploads\/2025\/04\/SEALS_CHECK_05-300x180.jpg 300w, https:\/\/forcesstoiciennes.com\/wp-content\/uploads\/2025\/04\/SEALS_CHECK_05-1024x614.jpg 1024w\" sizes=\"auto, (max-width: 2000px) 100vw, 2000px\" \/><\/figure>\n\n\n\n<div style=\"height:57px\" aria-hidden=\"true\" class=\"wp-block-spacer\"><\/div>\n\n\n\n<h2 class=\"wp-block-heading\" style=\"font-size:clamp(16.293px, 1.018rem + ((1vw - 3.2px) * 0.907), 25px);\">&#8220;We are one&#8221;<\/h2>\n\n\n\n<p class=\"wp-block-paragraph\">Les Forces Sto\u00efciennes sont aussi un collectif d&#8217;entraide sur les r\u00e9seaux sociaux.<\/p>\n\n\n\n<p class=\"wp-block-paragraph\">Chaque \u00e9nergie individuelle est au service de la force du collectif : <strong>on ne laisse personne derri\u00e8re<\/strong>.<\/p>\n\n\n\n<p class=\"wp-block-paragraph\">L&#8217;adversit\u00e9 est singuli\u00e8re, nous sommes pluriels.<\/p>\n\n\n\n<p class=\"wp-block-paragraph\">Bienvenue parmi nous.<\/p>\n\n\n\n<p class=\"wp-block-paragraph\"><\/p>\n\n\n\n<p class=\"wp-block-paragraph\"><br><\/p>\n\n\n  \n  \n  <div class=\"\n    mailpoet_form_popup_overlay\n      \"><\/div>\n  <div\n    id=\"mailpoet_form_1\"\n    class=\"\n      mailpoet_form\n      mailpoet_form_html\n      mailpoet_form_position_\n      mailpoet_form_animation_\n    \"\n      >\n\n    <style type=\"text\/css\">\n     #mailpoet_form_1 .mailpoet_form {  }\n#mailpoet_form_1 form { margin-bottom: 0; }\n#mailpoet_form_1 .mailpoet_column_with_background { padding: 0px; }\n#mailpoet_form_1 .wp-block-column:not(:first-child), #mailpoet_form_1 .mailpoet_form_column:not(:first-child) { padding: 0 20px; }\n#mailpoet_form_1 .mailpoet_form_column:not(:first-child) { margin-left: 0; }\n#mailpoet_form_1 h2.mailpoet-heading { margin: 0 0 20px 0; }\n#mailpoet_form_1 .mailpoet_paragraph { line-height: 20px; margin-bottom: 20px; }\n#mailpoet_form_1 .mailpoet_segment_label, #mailpoet_form_1 .mailpoet_text_label, #mailpoet_form_1 .mailpoet_textarea_label, #mailpoet_form_1 .mailpoet_select_label, #mailpoet_form_1 .mailpoet_radio_label, #mailpoet_form_1 .mailpoet_checkbox_label, #mailpoet_form_1 .mailpoet_list_label, #mailpoet_form_1 .mailpoet_date_label { display: block; font-weight: normal; }\n#mailpoet_form_1 .mailpoet_text, #mailpoet_form_1 .mailpoet_textarea, #mailpoet_form_1 .mailpoet_select, #mailpoet_form_1 .mailpoet_date_month, #mailpoet_form_1 .mailpoet_date_day, #mailpoet_form_1 .mailpoet_date_year, #mailpoet_form_1 .mailpoet_date { display: block; }\n#mailpoet_form_1 .mailpoet_text, #mailpoet_form_1 .mailpoet_textarea { width: 200px; }\n#mailpoet_form_1 .mailpoet_checkbox {  }\n#mailpoet_form_1 .mailpoet_submit {  }\n#mailpoet_form_1 .mailpoet_divider {  }\n#mailpoet_form_1 .mailpoet_message {  }\n#mailpoet_form_1 .mailpoet_form_loading { width: 30px; text-align: center; line-height: normal; }\n#mailpoet_form_1 .mailpoet_form_loading > span { width: 5px; height: 5px; background-color: #5b5b5b; }#mailpoet_form_1{border-radius: 0px;background: #ffffff;color: #1e1e1e;text-align: left;}#mailpoet_form_1 form.mailpoet_form {padding: 0px;}#mailpoet_form_1{width: 100%;}#mailpoet_form_1 .mailpoet_message {margin: 0; padding: 0 20px;}\n        #mailpoet_form_1 .mailpoet_validate_success {color: #00d084}\n        #mailpoet_form_1 input.parsley-success {color: #00d084}\n        #mailpoet_form_1 select.parsley-success {color: #00d084}\n        #mailpoet_form_1 textarea.parsley-success {color: #00d084}\n      \n        #mailpoet_form_1 .mailpoet_validate_error {color: #cf2e2e}\n        #mailpoet_form_1 input.parsley-error {color: #cf2e2e}\n        #mailpoet_form_1 select.parsley-error {color: #cf2e2e}\n        #mailpoet_form_1 textarea.textarea.parsley-error {color: #cf2e2e}\n        #mailpoet_form_1 .parsley-errors-list {color: #cf2e2e}\n        #mailpoet_form_1 .parsley-required {color: #cf2e2e}\n        #mailpoet_form_1 .parsley-custom-error-message {color: #cf2e2e}\n      #mailpoet_form_1 .mailpoet_paragraph.last {margin-bottom: 0} @media (max-width: 500px) {#mailpoet_form_1 {background: #ffffff;}} @media (min-width: 500px) {#mailpoet_form_1 .last .mailpoet_paragraph:last-child {margin-bottom: 0}}  @media (max-width: 500px) {#mailpoet_form_1 .mailpoet_form_column:last-child .mailpoet_paragraph:last-child {margin-bottom: 0}} \n    <\/style>\n\n    <form\n      target=\"_self\"\n      method=\"post\"\n      action=\"https:\/\/forcesstoiciennes.com\/wp-admin\/admin-post.php?action=mailpoet_subscription_form\"\n      class=\"mailpoet_form mailpoet_form_form mailpoet_form_html\"\n      novalidate\n      data-delay=\"\"\n      data-exit-intent-enabled=\"\"\n      data-font-family=\"\"\n      data-cookie-expiration-time=\"\"\n    >\n      <input type=\"hidden\" name=\"data[form_id]\" value=\"1\" \/>\n      <input type=\"hidden\" name=\"token\" value=\"4891ff3d63\" \/>\n      <input type=\"hidden\" name=\"api_version\" value=\"v1\" \/>\n      <input type=\"hidden\" name=\"endpoint\" value=\"subscribers\" \/>\n      <input type=\"hidden\" name=\"mailpoet_method\" value=\"subscribe\" \/>\n\n      <label class=\"mailpoet_hp_email_label\" style=\"display: none !important;\">Please leave this field empty<input type=\"email\" name=\"data[email]\"\/><\/label><div class='mailpoet_form_columns_container'><div class=\"mailpoet_form_columns mailpoet_paragraph mailpoet_stack_on_mobile\"><div class=\"mailpoet_form_column\" style=\"flex-basis:40%;\"><div class=\"mailpoet_form_image\"><figure class=\"size-large\"><img decoding=\"async\" src=\"https:\/\/ps.w.org\/mailpoet\/assets\/form-templates\/template-13\/pic-684x1024.jpg\" alt><\/figure><\/div>\n<\/div>\n<div class=\"mailpoet_form_column\" style=\"flex-basis:60%;\"><div class='mailpoet_spacer' style='height: 1px;'><\/div>\n<div class='mailpoet_spacer mailpoet_has_divider' style='height: 5px;'><div class='mailpoet_divider' data-automation-id='form_divider' style='border-top-style: solid;border-top-width: 4px;border-top-color: #dcb64b;height: 4px;width: 20%'><\/div><\/div>\n<h2 class=\"mailpoet-heading  mailpoet-has-font-size\" style=\"text-align: center; font-size: 30px\"><span style=\"font-family: Fira Sans\" data-font=\"Fira Sans\" class=\"mailpoet-has-font\"><strong>Test de r\u00e9duction sur votre facture<\/strong><\/span><\/h2>\n<p class=\"mailpoet_form_paragraph  mailpoet-has-font-size\" style=\"text-align: center; font-size: 16px\"><span style=\"font-family: Titillium Web\" data-font=\"Titillium Web\" class=\"mailpoet-has-font\">Inscrivez-vous \u00e0 notre newsletter et \u00e9conomisez 10% la prochaine que vous venez manger<\/span><\/p>\n<div class=\"mailpoet_paragraph \"><style>input[name=\"data[form_field_ZmUxN2NkZmE5MGE3X2VtYWls]\"]::placeholder{color:#707070;opacity: 1;}<\/style><input type=\"email\" autocomplete=\"email\" class=\"mailpoet_text\" id=\"form_email_1\" name=\"data[form_field_ZmUxN2NkZmE5MGE3X2VtYWls]\" title=\"Adresse e-mail\" value=\"\" style=\"width:100%;box-sizing:border-box;background-color:#eeeeee;border-style:solid;border-radius:0px !important;border-width:0px;padding:10px;margin: 0 auto 0 0;font-family:&#039;Titillium Web&#039;;font-size:15px;line-height:1.5;height:auto;color:#707070;\" data-automation-id=\"form_email\"  placeholder=\"Adresse e-mail *\" aria-label=\"Adresse e-mail *\" data-parsley-errors-container=\".mailpoet_error_1uffk\" data-parsley-required=\"true\" required aria-required=\"true\" data-parsley-minlength=\"6\" data-parsley-maxlength=\"150\" data-parsley-type-message=\"This value should be a valid email.\" data-parsley-required-message=\"This field is required.\"\/><span class=\"mailpoet_error_1uffk\"><\/span><\/div>\n<div class=\"mailpoet_paragraph \"><input type=\"submit\" class=\"mailpoet_submit\" value=\"TEAM 01\" data-automation-id=\"subscribe-submit-button\" data-font-family='Fira Sans' style=\"width:100%;box-sizing:border-box;background-color:#dcb64b;border-style:solid;border-radius:0px !important;border-width:0px;padding:10px;margin: 0 auto 0 0;font-family:&#039;Fira Sans&#039;;font-size:15px;line-height:1.5;height:auto;color:#ffffff;border-color:transparent;font-weight:bold;\" \/><span class=\"mailpoet_form_loading\"><span class=\"mailpoet_bounce1\"><\/span><span class=\"mailpoet_bounce2\"><\/span><span class=\"mailpoet_bounce3\"><\/span><\/span><\/div>\n<p class=\"mailpoet_form_paragraph  mailpoet-has-font-size\" style=\"text-align: center; color: #1e1e1e; font-size: 13px\"><span style=\"font-family: Titillium Web\" data-font=\"Titillium Web\" class=\"mailpoet-has-font\">Nous ne spammons pas\u00a0! Consultez notre <a href=\"#\">politique de confidentialit\u00e9<\/a> pour plus d\u2019informations.<\/span><\/p>\n<\/div>\n<\/div><\/div>\n\n      <div class=\"mailpoet_message\">\n        <p class=\"mailpoet_validate_success\"\n                style=\"display:none;\"\n                >V\u00e9rifiez votre boite de r\u00e9ception ou votre r\u00e9pertoire d\u2019ind\u00e9sirables pour confirmer votre abonnement.\n        <\/p>\n        <p class=\"mailpoet_validate_error\"\n                style=\"display:none;\"\n                >        <\/p>\n      <\/div>\n    <\/form>\n\n      <\/div>\n\n  \n\n\n<figure class=\"wp-block-image alignwide size-full\"><img loading=\"lazy\" decoding=\"async\" width=\"2000\" height=\"1200\" src=\"https:\/\/forcesstoiciennes.com\/wp-content\/uploads\/2025\/04\/SEALS_BOAT_03.jpg\" alt=\"\" class=\"wp-image-136\" srcset=\"https:\/\/forcesstoiciennes.com\/wp-content\/uploads\/2025\/04\/SEALS_BOAT_03.jpg 2000w, https:\/\/forcesstoiciennes.com\/wp-content\/uploads\/2025\/04\/SEALS_BOAT_03-300x180.jpg 300w, https:\/\/forcesstoiciennes.com\/wp-content\/uploads\/2025\/04\/SEALS_BOAT_03-1024x614.jpg 1024w\" sizes=\"auto, (max-width: 2000px) 100vw, 2000px\" \/><\/figure>\n\n\n\n<div style=\"height:54px\" aria-hidden=\"true\" class=\"wp-block-spacer\"><\/div>\n\n\n\n<p class=\"has-text-align-center has-medium-font-size wp-block-paragraph\"><em><strong>&#8220;Agir en homme de pens\u00e9e<\/strong><\/em> <em><strong>et penser en homme d\u2019action&#8221;<\/strong><\/em><\/p>\n\n\n\n<figure class=\"wp-block-image aligncenter size-full\"><img loading=\"lazy\" decoding=\"async\" width=\"305\" height=\"32\" src=\"https:\/\/forcesstoiciennes.com\/wp-content\/uploads\/2025\/04\/image-1.png\" alt=\"\" class=\"wp-image-112\" srcset=\"https:\/\/forcesstoiciennes.com\/wp-content\/uploads\/2025\/04\/image-1.png 305w, https:\/\/forcesstoiciennes.com\/wp-content\/uploads\/2025\/04\/image-1-300x31.png 300w\" sizes=\"auto, (max-width: 305px) 100vw, 305px\" \/><\/figure>\n\n\n\n<p class=\"has-text-align-center has-x-small-font-size wp-block-paragraph\"><\/p>\n\n\n\n<figure class=\"wp-block-image aligncenter size-full is-resized\"><img loading=\"lazy\" decoding=\"async\" width=\"1002\" height=\"593\" src=\"https:\/\/forcesstoiciennes.com\/wp-content\/uploads\/2025\/04\/image.png\" alt=\"\" class=\"wp-image-51\" style=\"width:102px;height:auto\" srcset=\"https:\/\/forcesstoiciennes.com\/wp-content\/uploads\/2025\/04\/image.png 1002w, https:\/\/forcesstoiciennes.com\/wp-content\/uploads\/2025\/04\/image-300x178.png 300w\" sizes=\"auto, (max-width: 1002px) 100vw, 1002px\" \/><\/figure>\n\n\n\n<p class=\"wp-block-paragraph\"><\/p>\n","protected":false},"excerpt":{"rendered":"<p>Bienvenue \u00e0 vous. Ce site a vocation \u00e0 faire conna\u00eetre et approfondir les principes etsentences des penseurs du sto\u00efcisme. Objectif op\u00e9rationnel :l&#8217;aguerrissement de votre caract\u00e8re. Sources universitaires et acad\u00e9miques Chaque sentence, chaque citation qui vous sera propos\u00e9e ici sera sourc\u00e9e de mani\u00e8re \u00e0 ce que chacun puisse retrouver le texte et le contexte d&#8217;o\u00f9 est &hellip; <\/p>\n<p class=\"link-more\"><a href=\"https:\/\/forcesstoiciennes.com\/\" class=\"more-link\">Read more<span class=\"screen-reader-text\"> &#8220;&#8221;<\/span><\/a><\/p>\n","protected":false},"author":1,"featured_media":0,"parent":0,"menu_order":0,"comment_status":"closed","ping_status":"closed","template":"","meta":{"_crdt_document":"","footnotes":""},"class_list":["post-33","page","type-page","status-publish","hentry"],"_links":{"self":[{"href":"https:\/\/forcesstoiciennes.com\/index.php\/wp-json\/wp\/v2\/pages\/33","targetHints":{"allow":["GET"]}}],"collection":[{"href":"https:\/\/forcesstoiciennes.com\/index.php\/wp-json\/wp\/v2\/pages"}],"about":[{"href":"https:\/\/forcesstoiciennes.com\/index.php\/wp-json\/wp\/v2\/types\/page"}],"author":[{"embeddable":true,"href":"https:\/\/forcesstoiciennes.com\/index.php\/wp-json\/wp\/v2\/users\/1"}],"replies":[{"embeddable":true,"href":"https:\/\/forcesstoiciennes.com\/index.php\/wp-json\/wp\/v2\/comments?post=33"}],"version-history":[{"count":85,"href":"https:\/\/forcesstoiciennes.com\/index.php\/wp-json\/wp\/v2\/pages\/33\/revisions"}],"predecessor-version":[{"id":335,"href":"https:\/\/forcesstoiciennes.com\/index.php\/wp-json\/wp\/v2\/pages\/33\/revisions\/335"}],"wp:attachment":[{"href":"https:\/\/forcesstoiciennes.com\/index.php\/wp-json\/wp\/v2\/media?parent=33"}],"curies":[{"name":"wp","href":"https:\/\/api.w.org\/{rel}","templated":true}]}}