{"id":286,"date":"2025-08-14T11:24:06","date_gmt":"2025-08-14T09:24:06","guid":{"rendered":"https:\/\/forcesstoiciennes.com\/?page_id=286"},"modified":"2026-02-08T10:48:22","modified_gmt":"2026-02-08T09:48:22","slug":"amities-stoiciennes","status":"publish","type":"page","link":"https:\/\/forcesstoiciennes.com\/index.php\/amities-stoiciennes\/","title":{"rendered":"Amiti\u00e9s sto\u00efciennes"},"content":{"rendered":"\n<p class=\"wp-block-paragraph\">Les Amiti\u00e9s Sto\u00efciennes sont un groupe qui verra le jour d&#8217;ici quelques semaines, d&#8217;abord sur Tik Tok, puis, selon vos retours, sur une plateforme d&#8217;\u00e9change de type Telegram ou Whatsapp.<\/p>\n\n\n\n<p class=\"wp-block-paragraph\">Cette plateforme est n\u00e9e d&#8217;une volont\u00e9 d&#8217;offrir un moyen d&#8217;\u00e9change et d&#8217;entraide bas\u00e9s sur les \u00e9nergies v\u00e9hicul\u00e9es par le sto\u00efcisme.<\/p>\n\n\n\n<figure class=\"wp-block-image aligncenter size-full is-resized\"><img loading=\"lazy\" decoding=\"async\" width=\"1200\" height=\"760\" src=\"https:\/\/forcesstoiciennes.com\/wp-content\/uploads\/2025\/08\/LITTERA-2026-EXUPERY_INTRO_PAPIER_03.jpg\" alt=\"\" class=\"wp-image-308\" style=\"width:758px;height:auto\" srcset=\"https:\/\/forcesstoiciennes.com\/wp-content\/uploads\/2025\/08\/LITTERA-2026-EXUPERY_INTRO_PAPIER_03.jpg 1200w, https:\/\/forcesstoiciennes.com\/wp-content\/uploads\/2025\/08\/LITTERA-2026-EXUPERY_INTRO_PAPIER_03-300x190.jpg 300w, https:\/\/forcesstoiciennes.com\/wp-content\/uploads\/2025\/08\/LITTERA-2026-EXUPERY_INTRO_PAPIER_03-1024x649.jpg 1024w\" sizes=\"auto, (max-width: 1200px) 100vw, 1200px\" \/><\/figure>\n\n\n\n<div style=\"height:70px\" aria-hidden=\"true\" class=\"wp-block-spacer\"><\/div>\n\n\n\n<p class=\"wp-block-paragraph\">Ce site a \u00e9t\u00e9 cr\u00e9\u00e9 car nous refusons que la souffrance et la r\u00e9signation ne s&#8217;installe ind\u00e9finiment dans le c\u0153ur de personnes vuln\u00e9rables.<\/p>\n\n\n\n<p class=\"wp-block-paragraph\">Personne n&#8217;est \u00e0 l&#8217;abri.<\/p>\n\n\n\n<p class=\"wp-block-paragraph\">Ont d\u00e9j\u00e0 tr\u00e9buch\u00e9, chut\u00e9, ont attent\u00e9 \u00e0 leur vie : des puissants, des intelligents, des L\u00e9gionnaires, des op\u00e9rateurs des forces sp\u00e9ciales, des ing\u00e9nieurs, des personnes porteuses d&#8217;un ou plusieurs handicap, des adolescents, des parents, des inconnus, des &#8220;transparents&#8221; comme le disait notre ami Ren\u00e9 Char .<\/p>\n\n\n\n<p class=\"wp-block-paragraph\">Nous ne pouvons laisser faire sans rien faire.<\/p>\n\n\n\n<figure class=\"wp-block-image aligncenter size-full is-resized\"><img loading=\"lazy\" decoding=\"async\" width=\"1200\" height=\"760\" src=\"https:\/\/forcesstoiciennes.com\/wp-content\/uploads\/2025\/08\/LITTERA-2026-WEIL_INTRO_PAPIER_03.jpg\" alt=\"\" class=\"wp-image-309\" style=\"width:742px;height:auto\" srcset=\"https:\/\/forcesstoiciennes.com\/wp-content\/uploads\/2025\/08\/LITTERA-2026-WEIL_INTRO_PAPIER_03.jpg 1200w, https:\/\/forcesstoiciennes.com\/wp-content\/uploads\/2025\/08\/LITTERA-2026-WEIL_INTRO_PAPIER_03-300x190.jpg 300w, https:\/\/forcesstoiciennes.com\/wp-content\/uploads\/2025\/08\/LITTERA-2026-WEIL_INTRO_PAPIER_03-1024x649.jpg 1024w\" sizes=\"auto, (max-width: 1200px) 100vw, 1200px\" \/><\/figure>\n\n\n\n<div style=\"height:70px\" aria-hidden=\"true\" class=\"wp-block-spacer\"><\/div>\n\n\n\n<h2 class=\"wp-block-heading\" style=\"font-size:clamp(17.905px, 1.119rem + ((1vw - 3.2px) * 1.052), 28px);\">&#8220;Tu feras de ton \u00e2me un homme meilleur qu&#8217;elle&#8221;<\/h2>\n\n\n\n<p class=\"wp-block-paragraph\">Cette reconqu\u00eate de soi par soi, peut tr\u00e8s vite devenir le plus douloureux des voyages, et de vos douleurs nous n&#8217;en savons rien, et nous n&#8217;en n&#8217;aurons jamais la possibilit\u00e9 d&#8217;en conna\u00eetre l&#8217;intensit\u00e9. Nous pouvons essayer de vous encourager dans votre pers\u00e9v\u00e9rance. <\/p>\n\n\n\n<figure class=\"wp-block-image aligncenter size-full is-resized\"><img loading=\"lazy\" decoding=\"async\" width=\"1200\" height=\"760\" src=\"https:\/\/forcesstoiciennes.com\/wp-content\/uploads\/2025\/08\/LITTERA-2026-CAMUS_INTRO_PAPIER_05.jpg\" alt=\"\" class=\"wp-image-310\" style=\"width:752px;height:auto\" srcset=\"https:\/\/forcesstoiciennes.com\/wp-content\/uploads\/2025\/08\/LITTERA-2026-CAMUS_INTRO_PAPIER_05.jpg 1200w, https:\/\/forcesstoiciennes.com\/wp-content\/uploads\/2025\/08\/LITTERA-2026-CAMUS_INTRO_PAPIER_05-300x190.jpg 300w, https:\/\/forcesstoiciennes.com\/wp-content\/uploads\/2025\/08\/LITTERA-2026-CAMUS_INTRO_PAPIER_05-1024x649.jpg 1024w\" sizes=\"auto, (max-width: 1200px) 100vw, 1200px\" \/><\/figure>\n\n\n\n<div style=\"height:74px\" aria-hidden=\"true\" class=\"wp-block-spacer\"><\/div>\n\n\n\n<h2 class=\"wp-block-heading\" style=\"font-size:clamp(17.905px, 1.119rem + ((1vw - 3.2px) * 1.052), 28px);\">Devoir, savoir, vouloir, pouvoir, falloir.<\/h2>\n\n\n\n<p class=\"wp-block-paragraph\">Le r\u00e9el nous rattrape, sans douceur, avec violence, mais au c\u0153ur des Amiti\u00e9s Sto\u00efciennes vous trouverez toujours une ressource pour retrouver confiance et clairvoyance pour <strong>pers\u00e9v\u00e9rer dignement<\/strong> et<strong> supporter avec noblesse<\/strong>.<\/p>\n\n\n\n<p class=\"wp-block-paragraph\">Puisse l&#8217;int\u00e9grit\u00e9, la probit\u00e9 et l&#8217;exemplarit\u00e9 devenir vos compagnes de vie.<\/p>\n\n\n\n<div style=\"height:39px\" aria-hidden=\"true\" class=\"wp-block-spacer\"><\/div>\n\n\n\n<p class=\"has-text-align-center wp-block-paragraph\"><strong>Allez mes Amis, n&#8217;oubliez pas que vous \u00eates attendus, faites vos exercices, restez op\u00e9rationnels et group\u00e9s et souvenez-vous que l&#8217;on n&#8217;oublie personne.<\/strong><\/p>\n\n\n\n<figure class=\"wp-block-image aligncenter size-full is-resized\"><img loading=\"lazy\" decoding=\"async\" width=\"1200\" height=\"760\" src=\"https:\/\/forcesstoiciennes.com\/wp-content\/uploads\/2025\/08\/LITTERA-2026-CHAR_INTRO_PAPIER_04.jpg\" alt=\"\" class=\"wp-image-307\" style=\"width:796px;height:auto\" srcset=\"https:\/\/forcesstoiciennes.com\/wp-content\/uploads\/2025\/08\/LITTERA-2026-CHAR_INTRO_PAPIER_04.jpg 1200w, https:\/\/forcesstoiciennes.com\/wp-content\/uploads\/2025\/08\/LITTERA-2026-CHAR_INTRO_PAPIER_04-300x190.jpg 300w, https:\/\/forcesstoiciennes.com\/wp-content\/uploads\/2025\/08\/LITTERA-2026-CHAR_INTRO_PAPIER_04-1024x649.jpg 1024w\" sizes=\"auto, (max-width: 1200px) 100vw, 1200px\" \/><\/figure>\n\n\n\n<div style=\"height:70px\" aria-hidden=\"true\" class=\"wp-block-spacer\"><\/div>\n\n\n\n<p class=\"wp-block-paragraph\">Bien \u00e0 vous.<\/p>\n\n\n\n<p class=\"wp-block-paragraph\">PHB.<\/p>\n\n\n\n<div class=\"wp-block-pms-content-restriction-start\">[pms-restrict]<\/div>\n","protected":false},"excerpt":{"rendered":"<p>Les Amiti\u00e9s Sto\u00efciennes sont un groupe qui verra le jour d&#8217;ici quelques semaines, d&#8217;abord sur Tik Tok, puis, selon vos retours, sur une plateforme d&#8217;\u00e9change de type Telegram ou Whatsapp. Cette plateforme est n\u00e9e d&#8217;une volont\u00e9 d&#8217;offrir un moyen d&#8217;\u00e9change et d&#8217;entraide bas\u00e9s sur les \u00e9nergies v\u00e9hicul\u00e9es par le sto\u00efcisme. Ce site a \u00e9t\u00e9 cr\u00e9\u00e9 &hellip; <\/p>\n<p class=\"link-more\"><a href=\"https:\/\/forcesstoiciennes.com\/index.php\/amities-stoiciennes\/\" class=\"more-link\">Read more<span class=\"screen-reader-text\"> &#8220;Amiti\u00e9s sto\u00efciennes&#8221;<\/span><\/a><\/p>\n","protected":false},"author":1,"featured_media":0,"parent":0,"menu_order":0,"comment_status":"closed","ping_status":"closed","template":"","meta":{"_crdt_document":"","footnotes":""},"class_list":["post-286","page","type-page","status-publish","hentry"],"_links":{"self":[{"href":"https:\/\/forcesstoiciennes.com\/index.php\/wp-json\/wp\/v2\/pages\/286","targetHints":{"allow":["GET"]}}],"collection":[{"href":"https:\/\/forcesstoiciennes.com\/index.php\/wp-json\/wp\/v2\/pages"}],"about":[{"href":"https:\/\/forcesstoiciennes.com\/index.php\/wp-json\/wp\/v2\/types\/page"}],"author":[{"embeddable":true,"href":"https:\/\/forcesstoiciennes.com\/index.php\/wp-json\/wp\/v2\/users\/1"}],"replies":[{"embeddable":true,"href":"https:\/\/forcesstoiciennes.com\/index.php\/wp-json\/wp\/v2\/comments?post=286"}],"version-history":[{"count":22,"href":"https:\/\/forcesstoiciennes.com\/index.php\/wp-json\/wp\/v2\/pages\/286\/revisions"}],"predecessor-version":[{"id":339,"href":"https:\/\/forcesstoiciennes.com\/index.php\/wp-json\/wp\/v2\/pages\/286\/revisions\/339"}],"wp:attachment":[{"href":"https:\/\/forcesstoiciennes.com\/index.php\/wp-json\/wp\/v2\/media?parent=286"}],"curies":[{"name":"wp","href":"https:\/\/api.w.org\/{rel}","templated":true}]}}