{"id":169,"date":"2025-05-01T09:08:55","date_gmt":"2025-05-01T07:08:55","guid":{"rendered":"https:\/\/forcesstoiciennes.com\/?page_id=169"},"modified":"2025-05-01T09:08:55","modified_gmt":"2025-05-01T07:08:55","slug":"pour-aider-le-foyer-dentraide-de-la-legion-etrangere","status":"publish","type":"page","link":"https:\/\/forcesstoiciennes.com\/index.php\/pour-aider-le-foyer-dentraide-de-la-legion-etrangere\/","title":{"rendered":"Pour aider le foyer d&#8217;entraide de la L\u00e9gion \u00c9trang\u00e8re :"},"content":{"rendered":"\n<figure class=\"wp-block-image size-large\"><img loading=\"lazy\" decoding=\"async\" width=\"1024\" height=\"587\" src=\"https:\/\/forcesstoiciennes.com\/wp-content\/uploads\/2025\/05\/image-5-1024x587.png\" alt=\"\" class=\"wp-image-171\" srcset=\"https:\/\/forcesstoiciennes.com\/wp-content\/uploads\/2025\/05\/image-5-1024x587.png 1024w, https:\/\/forcesstoiciennes.com\/wp-content\/uploads\/2025\/05\/image-5-300x172.png 300w, https:\/\/forcesstoiciennes.com\/wp-content\/uploads\/2025\/05\/image-5.png 1588w\" sizes=\"auto, (max-width: 1024px) 100vw, 1024px\" \/><\/figure>\n\n\n\n<p class=\"wp-block-paragraph\"><\/p>\n\n\n\n<figure class=\"wp-block-image aligncenter size-full\"><img loading=\"lazy\" decoding=\"async\" width=\"501\" height=\"548\" src=\"https:\/\/forcesstoiciennes.com\/wp-content\/uploads\/2025\/05\/image-4.png\" alt=\"\" class=\"wp-image-170\" srcset=\"https:\/\/forcesstoiciennes.com\/wp-content\/uploads\/2025\/05\/image-4.png 501w, https:\/\/forcesstoiciennes.com\/wp-content\/uploads\/2025\/05\/image-4-274x300.png 274w\" sizes=\"auto, (max-width: 501px) 100vw, 501px\" \/><\/figure>\n\n\n\n<p class=\"wp-block-paragraph\"><\/p>\n\n\n\n<p class=\"wp-block-paragraph\"><a href=\"https:\/\/www.solidarite-legion-etrangere.fr\/nous-soutenir\/campagnes-de-don\">https:\/\/www.solidarite-legion-etrangere.fr\/nous-soutenir\/campagnes-de-don<\/a><\/p>\n\n\n\n<p class=\"wp-block-paragraph\">Pour eux. Merci.<\/p>\n\n\n\n<p class=\"wp-block-paragraph\">PHB.<\/p>\n","protected":false},"excerpt":{"rendered":"<p>https:\/\/www.solidarite-legion-etrangere.fr\/nous-soutenir\/campagnes-de-don Pour eux. Merci. PHB.<\/p>\n","protected":false},"author":1,"featured_media":0,"parent":0,"menu_order":0,"comment_status":"closed","ping_status":"closed","template":"","meta":{"_crdt_document":"","footnotes":""},"class_list":["post-169","page","type-page","status-publish","hentry"],"_links":{"self":[{"href":"https:\/\/forcesstoiciennes.com\/index.php\/wp-json\/wp\/v2\/pages\/169","targetHints":{"allow":["GET"]}}],"collection":[{"href":"https:\/\/forcesstoiciennes.com\/index.php\/wp-json\/wp\/v2\/pages"}],"about":[{"href":"https:\/\/forcesstoiciennes.com\/index.php\/wp-json\/wp\/v2\/types\/page"}],"author":[{"embeddable":true,"href":"https:\/\/forcesstoiciennes.com\/index.php\/wp-json\/wp\/v2\/users\/1"}],"replies":[{"embeddable":true,"href":"https:\/\/forcesstoiciennes.com\/index.php\/wp-json\/wp\/v2\/comments?post=169"}],"version-history":[{"count":1,"href":"https:\/\/forcesstoiciennes.com\/index.php\/wp-json\/wp\/v2\/pages\/169\/revisions"}],"predecessor-version":[{"id":172,"href":"https:\/\/forcesstoiciennes.com\/index.php\/wp-json\/wp\/v2\/pages\/169\/revisions\/172"}],"wp:attachment":[{"href":"https:\/\/forcesstoiciennes.com\/index.php\/wp-json\/wp\/v2\/media?parent=169"}],"curies":[{"name":"wp","href":"https:\/\/api.w.org\/{rel}","templated":true}]}}