{"id":10,"date":"2025-04-28T18:04:32","date_gmt":"2025-04-28T16:04:32","guid":{"rendered":"https:\/\/forcesstoiciennes.com\/?page_id=10"},"modified":"2025-04-29T14:13:14","modified_gmt":"2025-04-29T12:13:14","slug":"contact","status":"publish","type":"page","link":"https:\/\/forcesstoiciennes.com\/index.php\/contact\/","title":{"rendered":"Contact"},"content":{"rendered":"\n<p class=\"wp-block-paragraph\">Pour toute correspondance : phb(@)forcesstoiciennes.com<\/p>\n\n\n\n<p class=\"wp-block-paragraph\">Veillez \u00e0 supprimer les parenth\u00e8ses.<\/p>\n\n\n\n<p class=\"wp-block-paragraph\">Bien \u00e0 vous. <\/p>\n\n\n\n<p class=\"wp-block-paragraph\">PHB.<\/p>\n","protected":false},"excerpt":{"rendered":"<p>Pour toute correspondance : phb(@)forcesstoiciennes.com Veillez \u00e0 supprimer les parenth\u00e8ses. Bien \u00e0 vous. PHB.<\/p>\n","protected":false},"author":1,"featured_media":0,"parent":0,"menu_order":0,"comment_status":"closed","ping_status":"closed","template":"","meta":{"_crdt_document":"","footnotes":""},"class_list":["post-10","page","type-page","status-publish","hentry"],"_links":{"self":[{"href":"https:\/\/forcesstoiciennes.com\/index.php\/wp-json\/wp\/v2\/pages\/10","targetHints":{"allow":["GET"]}}],"collection":[{"href":"https:\/\/forcesstoiciennes.com\/index.php\/wp-json\/wp\/v2\/pages"}],"about":[{"href":"https:\/\/forcesstoiciennes.com\/index.php\/wp-json\/wp\/v2\/types\/page"}],"author":[{"embeddable":true,"href":"https:\/\/forcesstoiciennes.com\/index.php\/wp-json\/wp\/v2\/users\/1"}],"replies":[{"embeddable":true,"href":"https:\/\/forcesstoiciennes.com\/index.php\/wp-json\/wp\/v2\/comments?post=10"}],"version-history":[{"count":4,"href":"https:\/\/forcesstoiciennes.com\/index.php\/wp-json\/wp\/v2\/pages\/10\/revisions"}],"predecessor-version":[{"id":91,"href":"https:\/\/forcesstoiciennes.com\/index.php\/wp-json\/wp\/v2\/pages\/10\/revisions\/91"}],"wp:attachment":[{"href":"https:\/\/forcesstoiciennes.com\/index.php\/wp-json\/wp\/v2\/media?parent=10"}],"curies":[{"name":"wp","href":"https:\/\/api.w.org\/{rel}","templated":true}]}}